{"id":21,"date":"2024-06-11T11:37:59","date_gmt":"2024-06-11T09:37:59","guid":{"rendered":"https:\/\/erka-conseil.fr\/?page_id=21"},"modified":"2025-02-05T14:25:02","modified_gmt":"2025-02-05T13:25:02","slug":"erka-conseil","status":"publish","type":"page","link":"https:\/\/erka-conseil.fr\/","title":{"rendered":"ERKA Conseil"},"content":{"rendered":"\t\t<div data-elementor-type=\"wp-post\" data-elementor-id=\"21\" class=\"elementor elementor-21\" data-elementor-post-type=\"page\">\n\t\t\t\t<div class=\"elementor-element elementor-element-740bc43 e-con-full e-flex e-con e-parent\" data-id=\"740bc43\" data-element_type=\"container\" data-e-type=\"container\" data-settings=\"{&quot;background_background&quot;:&quot;classic&quot;,&quot;motion_fx_motion_fx_scrolling&quot;:&quot;yes&quot;,&quot;motion_fx_devices&quot;:[&quot;desktop&quot;,&quot;tablet&quot;,&quot;mobile&quot;]}\">\n\t\t\t\t<div class=\"elementor-element elementor-element-d09342f elementor-widget elementor-widget-spacer\" data-id=\"d09342f\" data-element_type=\"widget\" data-e-type=\"widget\" data-widget_type=\"spacer.default\">\n\t\t\t\t<div class=\"elementor-widget-container\">\n\t\t\t\t\t\t\t<div class=\"elementor-spacer\">\n\t\t\t<div class=\"elementor-spacer-inner\"><\/div>\n\t\t<\/div>\n\t\t\t\t\t\t<\/div>\n\t\t\t\t<\/div>\n\t\t<div class=\"elementor-element elementor-element-ccbc058 e-flex e-con-boxed e-con e-child\" data-id=\"ccbc058\" data-element_type=\"container\" data-e-type=\"container\">\n\t\t\t\t\t<div class=\"e-con-inner\">\n\t\t\t\t<div class=\"elementor-element elementor-element-0e17a38 elementor-widget__width-auto elementor-widget elementor-widget-heading\" data-id=\"0e17a38\" data-element_type=\"widget\" data-e-type=\"widget\" data-widget_type=\"heading.default\">\n\t\t\t\t<div class=\"elementor-widget-container\">\n\t\t\t\t\t<h2 class=\"elementor-heading-title elementor-size-default\">Soci\u00e9t\u00e9 d\u2019audit et de conseil en relation client<\/h2>\t\t\t\t<\/div>\n\t\t\t\t<\/div>\n\t\t\t\t\t<\/div>\n\t\t\t\t<\/div>\n\t\t\t\t<div class=\"elementor-element elementor-element-279228d elementor-widget elementor-widget-spacer\" data-id=\"279228d\" data-element_type=\"widget\" data-e-type=\"widget\" data-widget_type=\"spacer.default\">\n\t\t\t\t<div class=\"elementor-widget-container\">\n\t\t\t\t\t\t\t<div class=\"elementor-spacer\">\n\t\t\t<div class=\"elementor-spacer-inner\"><\/div>\n\t\t<\/div>\n\t\t\t\t\t\t<\/div>\n\t\t\t\t<\/div>\n\t\t\t\t<\/div>\n\t\t<div class=\"elementor-element elementor-element-1a64f83 e-flex e-con-boxed e-con e-parent\" data-id=\"1a64f83\" data-element_type=\"container\" data-e-type=\"container\">\n\t\t\t\t\t<div class=\"e-con-inner\">\n\t\t\t\t<div class=\"elementor-element elementor-element-c4f2c86 elementor-widget elementor-widget-spacer\" data-id=\"c4f2c86\" data-element_type=\"widget\" data-e-type=\"widget\" data-widget_type=\"spacer.default\">\n\t\t\t\t<div class=\"elementor-widget-container\">\n\t\t\t\t\t\t\t<div class=\"elementor-spacer\">\n\t\t\t<div class=\"elementor-spacer-inner\"><\/div>\n\t\t<\/div>\n\t\t\t\t\t\t<\/div>\n\t\t\t\t<\/div>\n\t\t\t\t<div class=\"elementor-element elementor-element-cbf27f7 elementor-widget elementor-widget-menu-anchor\" data-id=\"cbf27f7\" data-element_type=\"widget\" data-e-type=\"widget\" data-widget_type=\"menu-anchor.default\">\n\t\t\t\t<div class=\"elementor-widget-container\">\n\t\t\t\t\t\t\t<div class=\"elementor-menu-anchor\" id=\"qui\"><\/div>\n\t\t\t\t\t\t<\/div>\n\t\t\t\t<\/div>\n\t\t\t\t<div class=\"elementor-element elementor-element-db6bb81 elementor-widget elementor-widget-heading\" data-id=\"db6bb81\" data-element_type=\"widget\" data-e-type=\"widget\" data-widget_type=\"heading.default\">\n\t\t\t\t<div class=\"elementor-widget-container\">\n\t\t\t\t\t<h2 class=\"elementor-heading-title elementor-size-default\">Qui sommes-nous ?<\/h2>\t\t\t\t<\/div>\n\t\t\t\t<\/div>\n\t\t\t\t<div class=\"elementor-element elementor-element-90383bc elementor-widget elementor-widget-text-editor\" data-id=\"90383bc\" data-element_type=\"widget\" data-e-type=\"widget\" data-widget_type=\"text-editor.default\">\n\t\t\t\t<div class=\"elementor-widget-container\">\n\t\t\t\t\t\t\t\t\t<p>Cr\u00e9\u00e9e il y a 5 ans, ERKA Conseil est une soci\u00e9t\u00e9 sp\u00e9cialis\u00e9e dans le conseil en organisation des dispositifs de gestion de la relation client.<\/p><p>Forts de l\u2019expertise acquise avec <a href=\"https:\/\/linkli.fr\" target=\"_blank\" rel=\"noopener\"><img decoding=\"async\" class=\"alignnone wp-image-419\" src=\"http:\/\/erka-conseil.fr\/wp-content\/uploads\/2025\/02\/logo-Linkli_transparent.png\" alt=\"\" width=\"57\" height=\"21\" srcset=\"https:\/\/erka-conseil.fr\/wp-content\/uploads\/2025\/02\/logo-Linkli_transparent.png 731w, https:\/\/erka-conseil.fr\/wp-content\/uploads\/2025\/02\/logo-Linkli_transparent-300x111.png 300w\" sizes=\"(max-width: 57px) 100vw, 57px\" \/><\/a> depuis 25 ans, nous vous proposons une approche pragmatique, op\u00e9rationnelle et cart\u00e9sienne du conseil.<\/p><p>Erka Conseil offre bien plus qu\u2019une simple am\u00e9lioration de vos organisations en relation client. Nous apportons une expertise compl\u00e8te en mati\u00e8re de relation client, en mettant l&#8217;accent sur l&#8217;optimisation des processus, le d\u00e9veloppement des comp\u00e9tences et la cr\u00e9ation de valeur \u00e0 chaque \u00e9tape du parcours client.<\/p>\t\t\t\t\t\t\t\t<\/div>\n\t\t\t\t<\/div>\n\t\t\t\t<div class=\"elementor-element elementor-element-3fca886 elementor-widget elementor-widget-spacer\" data-id=\"3fca886\" data-element_type=\"widget\" data-e-type=\"widget\" data-widget_type=\"spacer.default\">\n\t\t\t\t<div class=\"elementor-widget-container\">\n\t\t\t\t\t\t\t<div class=\"elementor-spacer\">\n\t\t\t<div class=\"elementor-spacer-inner\"><\/div>\n\t\t<\/div>\n\t\t\t\t\t\t<\/div>\n\t\t\t\t<\/div>\n\t\t\t\t\t<\/div>\n\t\t\t\t<\/div>\n\t\t<div class=\"elementor-element elementor-element-cb511b9 e-flex e-con-boxed e-con e-parent\" data-id=\"cb511b9\" data-element_type=\"container\" data-e-type=\"container\" data-settings=\"{&quot;background_background&quot;:&quot;classic&quot;}\">\n\t\t\t\t\t<div class=\"e-con-inner\">\n\t\t\t\t<div class=\"elementor-element elementor-element-19b91ef elementor-widget elementor-widget-spacer\" data-id=\"19b91ef\" data-element_type=\"widget\" data-e-type=\"widget\" data-widget_type=\"spacer.default\">\n\t\t\t\t<div class=\"elementor-widget-container\">\n\t\t\t\t\t\t\t<div class=\"elementor-spacer\">\n\t\t\t<div class=\"elementor-spacer-inner\"><\/div>\n\t\t<\/div>\n\t\t\t\t\t\t<\/div>\n\t\t\t\t<\/div>\n\t\t\t\t<div class=\"elementor-element elementor-element-a335490 elementor-widget elementor-widget-menu-anchor\" data-id=\"a335490\" data-element_type=\"widget\" data-e-type=\"widget\" data-widget_type=\"menu-anchor.default\">\n\t\t\t\t<div class=\"elementor-widget-container\">\n\t\t\t\t\t\t\t<div class=\"elementor-menu-anchor\" id=\"services\"><\/div>\n\t\t\t\t\t\t<\/div>\n\t\t\t\t<\/div>\n\t\t\t\t<div class=\"elementor-element elementor-element-8fee5ed elementor-widget elementor-widget-heading\" data-id=\"8fee5ed\" data-element_type=\"widget\" data-e-type=\"widget\" data-widget_type=\"heading.default\">\n\t\t\t\t<div class=\"elementor-widget-container\">\n\t\t\t\t\t<h2 class=\"elementor-heading-title elementor-size-default\">Nos services<\/h2>\t\t\t\t<\/div>\n\t\t\t\t<\/div>\n\t\t\t\t<div class=\"elementor-element elementor-element-5f0fce7 elementor-widget elementor-widget-text-editor\" data-id=\"5f0fce7\" data-element_type=\"widget\" data-e-type=\"widget\" data-widget_type=\"text-editor.default\">\n\t\t\t\t<div class=\"elementor-widget-container\">\n\t\t\t\t\t\t\t\t\t<p>Notre approche de conseil repose sur une m\u00e9thodologie solide, d\u00e9velopp\u00e9e au fil des ann\u00e9es gr\u00e2ce \u00e0 nos savoir-faire, notre expertise m\u00e9tier et notre connaissance du terrain. Pour chaque mission, nous proposons et mettons en \u0153uvre des solutions sur mesure, align\u00e9es sur la vision et le contexte sp\u00e9cifique de chaque entreprise.\u00a0<\/p><p>Audit, Conseil en organisation sont notre c\u0153ur de m\u00e9tier.<\/p><p>Nos chefs de projets vous proposent une approche en 3 \u00e9tapes :<\/p><ul><li><strong>Audit<\/strong>: nous analysons vos besoins, vos ambitions et vos enjeux afin de d\u00e9terminer les leviers de croissance.<\/li><li><strong>Conseil\u00a0<\/strong>: nous pr\u00e9conisons et accompagnons de fa\u00e7on tr\u00e8s op\u00e9rationnelle vos organisations, vos \u00e9quipes jusqu\u2019\u00e0 l\u2019objectif d\u2019excellence op\u00e9rationnelle.<\/li><li><strong>Suivi et validation<\/strong>: nous mesurons l\u2019efficacit\u00e9 dans le temps gr\u00e2ce \u00e0 des points r\u00e9guliers pour accompagner le(s) changement(s).<\/li><\/ul>\t\t\t\t\t\t\t\t<\/div>\n\t\t\t\t<\/div>\n\t\t\t\t<div class=\"elementor-element elementor-element-4ab21f6 elementor-widget elementor-widget-spacer\" data-id=\"4ab21f6\" data-element_type=\"widget\" data-e-type=\"widget\" data-widget_type=\"spacer.default\">\n\t\t\t\t<div class=\"elementor-widget-container\">\n\t\t\t\t\t\t\t<div class=\"elementor-spacer\">\n\t\t\t<div class=\"elementor-spacer-inner\"><\/div>\n\t\t<\/div>\n\t\t\t\t\t\t<\/div>\n\t\t\t\t<\/div>\n\t\t\t\t\t<\/div>\n\t\t\t\t<\/div>\n\t\t<div class=\"elementor-element elementor-element-40cba77 e-flex e-con-boxed e-con e-parent\" data-id=\"40cba77\" data-element_type=\"container\" data-e-type=\"container\">\n\t\t\t\t\t<div class=\"e-con-inner\">\n\t\t\t\t<div class=\"elementor-element elementor-element-4201b1f elementor-widget elementor-widget-spacer\" data-id=\"4201b1f\" data-element_type=\"widget\" data-e-type=\"widget\" data-widget_type=\"spacer.default\">\n\t\t\t\t<div class=\"elementor-widget-container\">\n\t\t\t\t\t\t\t<div class=\"elementor-spacer\">\n\t\t\t<div class=\"elementor-spacer-inner\"><\/div>\n\t\t<\/div>\n\t\t\t\t\t\t<\/div>\n\t\t\t\t<\/div>\n\t\t\t\t<div class=\"elementor-element elementor-element-836ac0e elementor-widget elementor-widget-menu-anchor\" data-id=\"836ac0e\" data-element_type=\"widget\" data-e-type=\"widget\" data-widget_type=\"menu-anchor.default\">\n\t\t\t\t<div class=\"elementor-widget-container\">\n\t\t\t\t\t\t\t<div class=\"elementor-menu-anchor\" id=\"perimetre\"><\/div>\n\t\t\t\t\t\t<\/div>\n\t\t\t\t<\/div>\n\t\t\t\t<div class=\"elementor-element elementor-element-f5c21e6 elementor-widget elementor-widget-heading\" data-id=\"f5c21e6\" data-element_type=\"widget\" data-e-type=\"widget\" data-widget_type=\"heading.default\">\n\t\t\t\t<div class=\"elementor-widget-container\">\n\t\t\t\t\t<h2 class=\"elementor-heading-title elementor-size-default\">Nos p\u00e9rim\u00e8tres d\u2019application<\/h2>\t\t\t\t<\/div>\n\t\t\t\t<\/div>\n\t\t\t\t<div class=\"elementor-element elementor-element-a38be79 elementor-widget elementor-widget-text-editor\" data-id=\"a38be79\" data-element_type=\"widget\" data-e-type=\"widget\" data-widget_type=\"text-editor.default\">\n\t\t\t\t<div class=\"elementor-widget-container\">\n\t\t\t\t\t\t\t\t\t<h6 class=\"x_MsoNormal\"><b><span data-ogsb=\"yellow\">Accompagnement \/ Optimisation de vos services clients<\/span><\/b><b><\/b><\/h6><ul><li><b>Audit et analyse des services clients et des hotlines techniques<\/b><ul><li>Process, taux de service, qualit\u00e9 et d\u00e9lai des r\u00e9ponses apport\u00e9es , donn\u00e9es collect\u00e9es, satisfaction client \u2026.<\/li><\/ul><\/li><\/ul><ul><li class=\"x_MsoListParagraph\"><b>Aide \u00e0 la r\u00e9daction de cahiers des charges<\/b><ul><li class=\"x_MsoNormal\">Par exemple, dans le cadre d\u2019un projet d\u2019externalisation du service, accompagnement sur l\u2019expression de besoins<\/li><\/ul><\/li><li class=\"x_MsoListParagraph\"><b>Conseil sur le traitement des t\u00e2ches administratives<\/b><ul><li class=\"x_MsoNormal\">Process, d\u00e9lais de traitement des t\u00e2ches ADV, qualit\u00e9 des saisies \u2026.<\/li><\/ul><\/li><\/ul><h6 class=\"x_MsoNormal\"><b><span data-ogsb=\"yellow\">Accompagnement \/ Am\u00e9lioration de la satisfaction et de la fid\u00e9lit\u00e9 de vos clients<\/span><\/b><\/h6><ul><li class=\"x_MsoListParagraph\"><b>Accompagnement \u00e0 la mise en place d\u2019enqu\u00eates de satisfaction avec calcul du NPS<\/b><ul><li class=\"x_MsoNormal\">Aide \u00e0 l\u2019\u00e9laboration du questionnaire, au choix des th\u00e9matiques \u00e0 auditer, n\u00e9cessit\u00e9 du barom\u00e8tre<\/li><\/ul><\/li><li class=\"x_MsoListParagraph\"><b>Conseil sur les actions \u00e0 mener pour rem\u00e9dier aux points d\u2019am\u00e9lioration relev\u00e9s<\/b><b><\/b><\/li><\/ul><ul><li class=\"x_MsoListParagraph\"><b>Aide \u00e0 la mise en place de programmes de fid\u00e9lit\u00e9<\/b><ul><li class=\"x_MsoNormal\">Conseil pour \u00e9laboration du cahier des charges, le choix des outils num\u00e9riques, des process \u2026.<\/li><\/ul><\/li><\/ul><h6 class=\"x_MsoNormal\"><b><span data-ogsb=\"yellow\">Accompagnement \/ D\u00e9veloppement des ventes<\/span><\/b><b><span data-ogsb=\"yellow\">\u00a0<\/span><\/b><\/h6><ul><li class=\"x_MsoListParagraph\"><b>Audit et analyse de votre organisation commerciale<\/b><ul><li class=\"x_MsoNormal\">Gestion des portefeuilles clients et prospects<\/li><li class=\"x_MsoNormal\">Base de donn\u00e9es<\/li><\/ul><\/li><li class=\"x_MsoListParagraph\"><b>Conseil et aide \u00e0 la mise en place d\u2019action push pour se d\u00e9velopper<\/b><ul><li class=\"x_MsoNormal\">Comment recruter de nouveaux partenaires<\/li><li class=\"x_MsoNormal\">Comment se faire r\u00e9f\u00e9rencer aupr\u00e8s des prescripteurs<\/li><li class=\"x_MsoNormal\">Comment accompagner les temps forts marketing ( par ex, aide \u00e0 la mise en place d\u2019op\u00e9rations d\u2019offre de remboursement)<\/li><\/ul><\/li><li class=\"x_MsoListParagraph\"><b>Optimiser la gestion des leads entrants ( issus des formulaires Web ou des campagnes digitales)<\/b><ul><li class=\"x_MsoNormal\">Conseil sur les d\u00e9lais de prise en charge du lead, les process de traitement, le suivi et la transformation des projets \u2026<\/li><\/ul><\/li><\/ul>\t\t\t\t\t\t\t\t<\/div>\n\t\t\t\t<\/div>\n\t\t\t\t<div class=\"elementor-element elementor-element-005243c elementor-widget elementor-widget-spacer\" data-id=\"005243c\" data-element_type=\"widget\" data-e-type=\"widget\" data-widget_type=\"spacer.default\">\n\t\t\t\t<div class=\"elementor-widget-container\">\n\t\t\t\t\t\t\t<div class=\"elementor-spacer\">\n\t\t\t<div class=\"elementor-spacer-inner\"><\/div>\n\t\t<\/div>\n\t\t\t\t\t\t<\/div>\n\t\t\t\t<\/div>\n\t\t\t\t\t<\/div>\n\t\t\t\t<\/div>\n\t\t<div class=\"elementor-element elementor-element-6f24b7a e-flex e-con-boxed e-con e-parent\" data-id=\"6f24b7a\" data-element_type=\"container\" data-e-type=\"container\" data-settings=\"{&quot;background_background&quot;:&quot;classic&quot;}\">\n\t\t\t\t\t<div class=\"e-con-inner\">\n\t\t\t\t<div class=\"elementor-element elementor-element-0683334 elementor-widget elementor-widget-menu-anchor\" data-id=\"0683334\" data-element_type=\"widget\" data-e-type=\"widget\" data-widget_type=\"menu-anchor.default\">\n\t\t\t\t<div class=\"elementor-widget-container\">\n\t\t\t\t\t\t\t<div class=\"elementor-menu-anchor\" id=\"contact\"><\/div>\n\t\t\t\t\t\t<\/div>\n\t\t\t\t<\/div>\n\t\t\t\t<div class=\"elementor-element elementor-element-90fd53e elementor-widget elementor-widget-spacer\" data-id=\"90fd53e\" data-element_type=\"widget\" data-e-type=\"widget\" data-widget_type=\"spacer.default\">\n\t\t\t\t<div class=\"elementor-widget-container\">\n\t\t\t\t\t\t\t<div class=\"elementor-spacer\">\n\t\t\t<div class=\"elementor-spacer-inner\"><\/div>\n\t\t<\/div>\n\t\t\t\t\t\t<\/div>\n\t\t\t\t<\/div>\n\t\t\t\t<div class=\"elementor-element elementor-element-099897b elementor-widget elementor-widget-heading\" data-id=\"099897b\" data-element_type=\"widget\" data-e-type=\"widget\" data-widget_type=\"heading.default\">\n\t\t\t\t<div class=\"elementor-widget-container\">\n\t\t\t\t\t<h2 class=\"elementor-heading-title elementor-size-default\">Contactez-nous !<\/h2>\t\t\t\t<\/div>\n\t\t\t\t<\/div>\n\t\t\t\t<div class=\"elementor-element elementor-element-2ed49e5 elementor-button-align-stretch elementor-widget elementor-widget-form\" data-id=\"2ed49e5\" data-element_type=\"widget\" data-e-type=\"widget\" data-settings=\"{&quot;step_next_label&quot;:&quot;Suivant&quot;,&quot;step_previous_label&quot;:&quot;Pr\\u00e9c\\u00e9dent&quot;,&quot;button_width&quot;:&quot;100&quot;,&quot;step_type&quot;:&quot;number_text&quot;,&quot;step_icon_shape&quot;:&quot;circle&quot;}\" data-widget_type=\"form.default\">\n\t\t\t\t<div class=\"elementor-widget-container\">\n\t\t\t\t\t\t\t<form class=\"elementor-form\" method=\"post\" name=\"Formulaire Contact\" aria-label=\"Formulaire Contact\">\n\t\t\t<input type=\"hidden\" name=\"post_id\" value=\"21\"\/>\n\t\t\t<input type=\"hidden\" name=\"form_id\" value=\"2ed49e5\"\/>\n\t\t\t<input type=\"hidden\" name=\"referer_title\" value=\"\" \/>\n\n\t\t\t\n\t\t\t<div class=\"elementor-form-fields-wrapper elementor-labels-above\">\n\t\t\t\t\t\t\t\t<div class=\"elementor-field-type-text elementor-field-group elementor-column elementor-field-group-name elementor-col-100\">\n\t\t\t\t\t\t\t\t\t\t\t\t<label for=\"form-field-name\" class=\"elementor-field-label\">\n\t\t\t\t\t\t\t\tVotre Nom\t\t\t\t\t\t\t<\/label>\n\t\t\t\t\t\t\t\t\t\t\t\t\t\t<input size=\"1\" type=\"text\" name=\"form_fields[name]\" id=\"form-field-name\" class=\"elementor-field elementor-size-sm  elementor-field-textual\">\n\t\t\t\t\t\t\t\t\t\t\t<\/div>\n\t\t\t\t\t\t\t\t<div class=\"elementor-field-type-text elementor-field-group elementor-column elementor-field-group-field_8271bc2 elementor-col-100\">\n\t\t\t\t\t\t\t\t\t\t\t\t<label for=\"form-field-field_8271bc2\" class=\"elementor-field-label\">\n\t\t\t\t\t\t\t\tLe nom de votre soci\u00e9t\u00e9\t\t\t\t\t\t\t<\/label>\n\t\t\t\t\t\t\t\t\t\t\t\t\t\t<input size=\"1\" type=\"text\" name=\"form_fields[field_8271bc2]\" id=\"form-field-field_8271bc2\" class=\"elementor-field elementor-size-sm  elementor-field-textual\">\n\t\t\t\t\t\t\t\t\t\t\t<\/div>\n\t\t\t\t\t\t\t\t<div class=\"elementor-field-type-tel elementor-field-group elementor-column elementor-field-group-field_83147a1 elementor-col-100\">\n\t\t\t\t\t\t\t\t\t\t\t\t<label for=\"form-field-field_83147a1\" class=\"elementor-field-label\">\n\t\t\t\t\t\t\t\tVotre t\u00e9l\u00e9phone\t\t\t\t\t\t\t<\/label>\n\t\t\t\t\t\t\t\t<input size=\"1\" type=\"tel\" name=\"form_fields[field_83147a1]\" id=\"form-field-field_83147a1\" class=\"elementor-field elementor-size-sm  elementor-field-textual\" pattern=\"[0-9()#&amp;+*-=.]+\" title=\"Only numbers and phone characters (#, -, *, etc) are accepted.\">\n\n\t\t\t\t\t\t<\/div>\n\t\t\t\t\t\t\t\t<div class=\"elementor-field-type-email elementor-field-group elementor-column elementor-field-group-email elementor-col-100 elementor-field-required elementor-mark-required\">\n\t\t\t\t\t\t\t\t\t\t\t\t<label for=\"form-field-email\" class=\"elementor-field-label\">\n\t\t\t\t\t\t\t\tVotre E-mail\t\t\t\t\t\t\t<\/label>\n\t\t\t\t\t\t\t\t\t\t\t\t\t\t<input size=\"1\" type=\"email\" name=\"form_fields[email]\" id=\"form-field-email\" class=\"elementor-field elementor-size-sm  elementor-field-textual\" required=\"required\">\n\t\t\t\t\t\t\t\t\t\t\t<\/div>\n\t\t\t\t\t\t\t\t<div class=\"elementor-field-type-textarea elementor-field-group elementor-column elementor-field-group-message elementor-col-100\">\n\t\t\t\t\t\t\t\t\t\t\t\t<label for=\"form-field-message\" class=\"elementor-field-label\">\n\t\t\t\t\t\t\t\tQuels sont vos besoins ?\t\t\t\t\t\t\t<\/label>\n\t\t\t\t\t\t<textarea class=\"elementor-field-textual elementor-field  elementor-size-sm\" name=\"form_fields[message]\" id=\"form-field-message\" rows=\"4\"><\/textarea>\t\t\t\t<\/div>\n\t\t\t\t\t\t\t\t<div class=\"elementor-field-type-recaptcha_v3 elementor-field-group elementor-column elementor-field-group-field_7e029ad elementor-col-100 recaptcha_v3-bottomright\">\n\t\t\t\t\t<div class=\"elementor-field\" id=\"form-field-field_7e029ad\"><div class=\"elementor-g-recaptcha\" data-sitekey=\"6LfVDkkqAAAAABAH48JM79sFqCzhRK-BImoIF92o\" data-type=\"v3\" data-action=\"Form\" data-badge=\"bottomright\" data-size=\"invisible\"><\/div><\/div>\t\t\t\t<\/div>\n\t\t\t\t\t\t\t\t<div class=\"elementor-field-group elementor-column elementor-field-type-submit elementor-col-100 e-form__buttons\">\n\t\t\t\t\t<button class=\"elementor-button elementor-size-sm\" type=\"submit\">\n\t\t\t\t\t\t<span class=\"elementor-button-content-wrapper\">\n\t\t\t\t\t\t\t\t\t\t\t\t\t\t\t\t\t\t\t\t\t\t<span class=\"elementor-button-text\">Envoyer<\/span>\n\t\t\t\t\t\t\t\t\t\t\t\t\t<\/span>\n\t\t\t\t\t<\/button>\n\t\t\t\t<\/div>\n\t\t\t<\/div>\n\t\t<\/form>\n\t\t\t\t\t\t<\/div>\n\t\t\t\t<\/div>\n\t\t\t\t<div class=\"elementor-element elementor-element-385e8fb elementor-widget elementor-widget-spacer\" data-id=\"385e8fb\" data-element_type=\"widget\" data-e-type=\"widget\" data-widget_type=\"spacer.default\">\n\t\t\t\t<div class=\"elementor-widget-container\">\n\t\t\t\t\t\t\t<div class=\"elementor-spacer\">\n\t\t\t<div class=\"elementor-spacer-inner\"><\/div>\n\t\t<\/div>\n\t\t\t\t\t\t<\/div>\n\t\t\t\t<\/div>\n\t\t\t\t\t<\/div>\n\t\t\t\t<\/div>\n\t\t\t\t<\/div>\n\t\t","protected":false},"excerpt":{"rendered":"<p>Soci\u00e9t\u00e9 d\u2019audit et de conseil en relation client Qui sommes-nous ? Cr\u00e9\u00e9e il y a 5 ans, ERKA Conseil est une soci\u00e9t\u00e9 sp\u00e9cialis\u00e9e dans le conseil en organisation des dispositifs de gestion de la relation client. Forts de l\u2019expertise acquise avec depuis 25 ans, nous vous proposons une approche pragmatique, op\u00e9rationnelle et cart\u00e9sienne du conseil. [&hellip;]<\/p>\n","protected":false},"author":2,"featured_media":0,"parent":0,"menu_order":0,"comment_status":"closed","ping_status":"closed","template":"elementor_theme","meta":{"footnotes":""},"class_list":["post-21","page","type-page","status-publish","hentry"],"_links":{"self":[{"href":"https:\/\/erka-conseil.fr\/index.php?rest_route=\/wp\/v2\/pages\/21","targetHints":{"allow":["GET"]}}],"collection":[{"href":"https:\/\/erka-conseil.fr\/index.php?rest_route=\/wp\/v2\/pages"}],"about":[{"href":"https:\/\/erka-conseil.fr\/index.php?rest_route=\/wp\/v2\/types\/page"}],"author":[{"embeddable":true,"href":"https:\/\/erka-conseil.fr\/index.php?rest_route=\/wp\/v2\/users\/2"}],"replies":[{"embeddable":true,"href":"https:\/\/erka-conseil.fr\/index.php?rest_route=%2Fwp%2Fv2%2Fcomments&post=21"}],"version-history":[{"count":206,"href":"https:\/\/erka-conseil.fr\/index.php?rest_route=\/wp\/v2\/pages\/21\/revisions"}],"predecessor-version":[{"id":434,"href":"https:\/\/erka-conseil.fr\/index.php?rest_route=\/wp\/v2\/pages\/21\/revisions\/434"}],"wp:attachment":[{"href":"https:\/\/erka-conseil.fr\/index.php?rest_route=%2Fwp%2Fv2%2Fmedia&parent=21"}],"curies":[{"name":"wp","href":"https:\/\/api.w.org\/{rel}","templated":true}]}}